{"id":2046,"date":"2019-01-16T10:12:19","date_gmt":"2019-01-16T08:12:19","guid":{"rendered":"http:\/\/www.vordenker.de\/blog\/?page_id=2046"},"modified":"2023-07-31T15:29:53","modified_gmt":"2023-07-31T13:29:53","slug":"cv-course-of-life-dr-joachim-paul-19-08-1057","status":"publish","type":"page","link":"http:\/\/www.vordenker.de\/blog\/cv-course-of-life-dr-joachim-paul-19-08-1057\/","title":{"rendered":"CV &#8211; course of life &#8211; Dr. Joachim Paul, 19.08.1957"},"content":{"rendered":"\n\n\n<ul class=\"wp-block-list\">\n<li>Juli 2023 &#8211; altersbedingte Beendigung der Referentent\u00e4tigkeit beim Landschaftsverband Rheinland &#8211; freie Autoren- und Vortragst\u00e4tigkeit.<\/li>\n\n\n\n<li>Juni 2017 &#8211; Wiederaufnahme der T\u00e4tigkeit beim Landschaftsverband Rheinland, operative Leitung in Kooperation mit dem LWL-Medienzentrum f\u00fcr Westfalen des landesweiten Digitalmediendienstes f\u00fcr Schulen in NRW,\u00a0<a rel=\"noreferrer noopener\" aria-label=\"EDMOND NRW (\u00f6ffnet in neuem Tab)\" href=\"http:\/\/www.edmond-nrw.de\" target=\"_blank\">EDMOND NRW<\/a>, Umsetzung des Ausbaus des Digitalmediendienstes sowie der Fusion von EDMOND NRW mit der Landessuchmaschine f\u00fcr bildungsrelevante, i.d.R. frei im Internet verf\u00fcgbare Lerninhalte <a rel=\"noreferrer noopener\" href=\"https:\/\/www.bildungsserver.de\/onlineressource.html?onlineressourcen_id=12312\" data-type=\"URL\" data-id=\"https:\/\/www.bildungsserver.de\/onlineressource.html?onlineressourcen_id=12312\" target=\"_blank\">Learn:Line NRW<\/a> zur Bildungsmediathek NRW. Aufnahme des Regeldienstes der <a href=\"https:\/\/bildungsmediathek-nrw.de\" data-type=\"URL\" data-id=\"https:\/\/bildungsmediathek-nrw.de\">Bildungsmediathek NRW<\/a> im August 2021.   <\/li>\n\n\n\n<li>von Mai 2012 bis Mai 2017 Abgeordneter des Landtags Nordrhein-Westfalen f\u00fcr die Piratenpartei, dort von Juni 2012 bis August 2015 Fraktionsvorsitzender sowie von 2012 bis 2017 europa- und hochschulpolitischer Sprecher der Fraktion, von August 2015 bis Mai 2017 wirtschaftspolitischer Sprecher und ord. Mitglied im Ausschuss f\u00fcr Kultur und Medien des Landtages von NRW.<\/li>\n\n\n\n<li>1998 bis heute\u00a0wissenschaftlicher Referent im Bereich Neue Medien am\u00a0<a rel=\"noreferrer noopener\" aria-label=\"LVR-Zentrum f\u00fcr Medien und Bildung (\u00f6ffnet in neuem Tab)\" href=\"http:\/\/www.medien-und-bildung.lvr.de\" target=\"_blank\">LVR-Zentrum f\u00fcr Medien und Bildung<\/a>, vormals Medienzentrum Rheinland, einer Dienststelle des Landschaftsverbandes Rheinland, dort operative Leitung in Kooperation mit dem LWL-Medienzentrum f\u00fcr Westfalen des landesweiten Digitalmediendienstes f\u00fcr Schulen in NRW,\u00a0<a rel=\"noreferrer noopener\" aria-label=\"EDMOND NRW (\u00f6ffnet in neuem Tab)\" href=\"http:\/\/www.edmond-nrw.de\" target=\"_blank\">EDMOND NRW<\/a>.<\/li>\n\n\n\n<li>Seit 1996 Mitinitiator und Herausgeber eines Webforums f\u00fcr Innovationen in Wissenschaft, Wirtschaft und Kultur, das sich an Vordenkerinnen und Vordenker richtet: <a rel=\"noreferrer noopener\" aria-label=\"www.vordenker.de (\u00f6ffnet in neuem Tab)\" href=\"https:\/\/www.vordenker.de\" target=\"_blank\">www.vordenker.de<\/a><\/li>\n\n\n\n<li>1994 bis 1998 freiberufliche Autoren-, Berater- und Referentent\u00e4tigkeiten im Bereich Multimedia\/Internet f\u00fcr verschiedene Weiterbildungstr\u00e4ger der Erwachsenenbildung<\/li>\n\n\n\n<li>1991 &#8211; 1994 Gr\u00fcndungsgesellschafter und Mitarbeiter des Instituts f\u00fcr Kybernetik und Systemtheorie e.V., ICS (Dresden, Bochum) im Anstellungsverh\u00e4ltnis, Senior Researcher f\u00fcr das ICS im ESPRIT III-Projekt Nr. 6857 &#8218;PAPAGENA&#8216; der EU (PAPAGENA = Programming Environment for Applications of Parallel Genetic Algorithms), Member of the European Commission&#8217;s Industrial Working Group for the Design of the Fourth Framework Programme on Emerging Software Technologies<\/li>\n\n\n\n<li>1991 &#8211; 1993 Promotion (extern, berufsbegleitend) zum Dr. rer. medic. an der Universit\u00e4t Witten\/Herdecke mit der Arbeit &#8222;<em>Exploration medizinischer Daten mit Hilfe von computer-simulierten neuronalen Netzen am Beispiel der Thermoregulationsdiagnostik&#8220;<\/em><\/li>\n\n\n\n<li>1988 &#8211; 1993 Senior Researcher f\u00fcr den Projektschwerpunkt &#8218;Neurokybernetik&#8216; des Wirtschaftsministeriums des Landes Schleswig-Holstein und f\u00fcr das ICS im ESPRIT II-Projekt Nr. 5170 &#8218;StatLog&#8216; der EU (StatLog = Comparative Testing of Statistical and Logical Learning in Classification, Prediction and Control)<\/li>\n\n\n\n<li>1987 Abschluss als Diplom-Physiker im Bereich Angewandte Physik\/Biophysik mit der Arbeit &#8222;<em>Druckinduzierte Strukturfluktuationen in Biopolymeren, detektiert mit Hilfe der Elektronenspinresonanz-Spektroskopie&#8220;<\/em><\/li>\n\n\n\n<li>1976 bis 1987 Studium der Physik an der Universit\u00e4t Bochum, unterbrochen <\/li>\n\n\n\n<li>1984 bis 1986 durch Ableistung des Zivildienstes an der elektrophysiologischen Forschungsabteilung eines Krankenhauses<\/li>\n\n\n\n<li>1976 Abitur am st\u00e4dtischen Theodor-Schwann-Gymnasium in Neuss<\/li>\n\n\n\n<li><\/li>\n<\/ul>\n","protected":false},"excerpt":{"rendered":"","protected":false},"author":1,"featured_media":0,"parent":0,"menu_order":0,"comment_status":"closed","ping_status":"closed","template":"","meta":{"footnotes":""},"class_list":["post-2046","page","type-page","status-publish","hentry"],"_links":{"self":[{"href":"http:\/\/www.vordenker.de\/blog\/wp-json\/wp\/v2\/pages\/2046","targetHints":{"allow":["GET"]}}],"collection":[{"href":"http:\/\/www.vordenker.de\/blog\/wp-json\/wp\/v2\/pages"}],"about":[{"href":"http:\/\/www.vordenker.de\/blog\/wp-json\/wp\/v2\/types\/page"}],"author":[{"embeddable":true,"href":"http:\/\/www.vordenker.de\/blog\/wp-json\/wp\/v2\/users\/1"}],"replies":[{"embeddable":true,"href":"http:\/\/www.vordenker.de\/blog\/wp-json\/wp\/v2\/comments?post=2046"}],"version-history":[{"count":14,"href":"http:\/\/www.vordenker.de\/blog\/wp-json\/wp\/v2\/pages\/2046\/revisions"}],"predecessor-version":[{"id":2446,"href":"http:\/\/www.vordenker.de\/blog\/wp-json\/wp\/v2\/pages\/2046\/revisions\/2446"}],"wp:attachment":[{"href":"http:\/\/www.vordenker.de\/blog\/wp-json\/wp\/v2\/media?parent=2046"}],"curies":[{"name":"wp","href":"https:\/\/api.w.org\/{rel}","templated":true}]}}