{"id":594,"date":"2012-10-29T23:55:49","date_gmt":"2012-10-29T21:55:49","guid":{"rendered":"http:\/\/www.vordenker.de\/blog\/?page_id=594"},"modified":"2014-01-31T12:42:48","modified_gmt":"2014-01-31T10:42:48","slug":"mdl-nrw-nebentatigkeiten-einkunfte-und-mitgliedschaften","status":"publish","type":"page","link":"http:\/\/www.vordenker.de\/blog\/mdl-nrw-nebentatigkeiten-einkunfte-und-mitgliedschaften\/","title":{"rendered":"MdL NRW &#8211; Nebent\u00e4tigkeiten, Eink\u00fcnfte und Mitgliedschaften"},"content":{"rendered":"<p>Ich bin Mitglied des Landtages von Nordrhein-Westfalen.<br \/>\nDaher liste ich hier alle meine Nebent\u00e4tigkeiten, Eink\u00fcnfte und Mitgliedschaften.<\/p>\n<h3>&#8211; Nebent\u00e4tigkeiten<\/h3>\n<p>1. Herausgeberschaft webforum <a title=\"webforum vordenker.de\" href=\"http:\/\/www.vordenker.de\" target=\"_blank\">www.vordenker.de<\/a><br \/>\nEink\u00fcnfte aus dieser T\u00e4tigkeit &#8211; keine<\/p>\n<p>2. Autorenschaften &#8211; zur Zeit keine Enk\u00fcnfte<\/p>\n<p>3. Vortragst\u00e4tigkeiten &#8211; zur Zeit keine Eink\u00fcnfte<\/p>\n<h3>&#8211; Vereinsmitgliedschaften<\/h3>\n<p>1. Institut f\u00fcr Kybernetik und Systemtheorie e.V.<br \/>\nGr\u00fcndungsmitglied<br \/>\nStatus des Vereins: ruhend<br \/>\nWebSite: <a title=\"Homepage des ICS\" href=\"http:\/\/www.vordenker.de\/ics\/\" target=\"_blank\">www.vordenker.de\/ics<\/a>\/<\/p>\n<p>2. Deutscher Teckelklub 1888 e.V. &#8211; Gruppe Neuss<br \/>\nStatus des Vereins: aktiv<br \/>\nWebSites:<br \/>\n<a title=\"WebSite des Teckelklubs Neuss\" href=\"http:\/\/www.dtk-neuss.de\" target=\"_blank\">www.dtk-neuss.de<\/a><br \/>\n<a title=\"WebSite des DTK 1888 e.V.\" href=\"http:\/\/www.dtk1888.de\" target=\"_blank\">www.dtk1888.de<\/a><\/p>\n<p>3. ADAC<\/p>\n<p>&nbsp;<\/p>\n<p>Dr. Joachim Paul<br \/>\nletzte Aktualisierung 31.01.2014<\/p>\n<p>&nbsp;<\/p>\n","protected":false},"excerpt":{"rendered":"<p>Ich bin Mitglied des Landtages von Nordrhein-Westfalen. Daher liste ich hier alle meine Nebent\u00e4tigkeiten, Eink\u00fcnfte und Mitgliedschaften. &#8211; Nebent\u00e4tigkeiten 1. Herausgeberschaft webforum www.vordenker.de Eink\u00fcnfte aus dieser T\u00e4tigkeit &#8211; keine 2. Autorenschaften &#8211; zur Zeit keine Enk\u00fcnfte 3. Vortragst\u00e4tigkeiten &#8211; zur Zeit keine Eink\u00fcnfte &#8211; Vereinsmitgliedschaften 1. Institut f\u00fcr Kybernetik und Systemtheorie e.V. Gr\u00fcndungsmitglied Status des [&hellip;]<\/p>\n","protected":false},"author":1,"featured_media":0,"parent":0,"menu_order":0,"comment_status":"open","ping_status":"open","template":"","meta":{"footnotes":""},"class_list":["post-594","page","type-page","status-publish","hentry"],"_links":{"self":[{"href":"http:\/\/www.vordenker.de\/blog\/wp-json\/wp\/v2\/pages\/594","targetHints":{"allow":["GET"]}}],"collection":[{"href":"http:\/\/www.vordenker.de\/blog\/wp-json\/wp\/v2\/pages"}],"about":[{"href":"http:\/\/www.vordenker.de\/blog\/wp-json\/wp\/v2\/types\/page"}],"author":[{"embeddable":true,"href":"http:\/\/www.vordenker.de\/blog\/wp-json\/wp\/v2\/users\/1"}],"replies":[{"embeddable":true,"href":"http:\/\/www.vordenker.de\/blog\/wp-json\/wp\/v2\/comments?post=594"}],"version-history":[{"count":4,"href":"http:\/\/www.vordenker.de\/blog\/wp-json\/wp\/v2\/pages\/594\/revisions"}],"predecessor-version":[{"id":796,"href":"http:\/\/www.vordenker.de\/blog\/wp-json\/wp\/v2\/pages\/594\/revisions\/796"}],"wp:attachment":[{"href":"http:\/\/www.vordenker.de\/blog\/wp-json\/wp\/v2\/media?parent=594"}],"curies":[{"name":"wp","href":"https:\/\/api.w.org\/{rel}","templated":true}]}}